{"id":64826,"date":"2022-01-23T11:26:20","date_gmt":"2022-01-23T17:26:20","guid":{"rendered":"https:\/\/www.nexos.com.mx\/?post_type=product&#038;p=64826"},"modified":"2023-04-14T22:40:51","modified_gmt":"2023-04-15T04:40:51","slug":"suscripcion-plus","status":"publish","type":"product","link":"https:\/\/www.nexos.com.mx\/producto\/suscripcion-plus\/","title":{"rendered":"Suscripcion plus"},"content":{"rendered":"<p>Durante un a\u00f1o entregaremos en tu domicilio la edici\u00f3n impresa de la revista y podr\u00e1s leerla en nexos.com.mx. Adem\u00e1s, podr\u00e1s consultar todo el archivo y tendr\u00e1s acceso a contenidos especiales como videos, p\u00f3dcast, conversaciones con nuestros autores, y libros electr\u00f3nicos de La Biblioteca Singular.<\/p>\n","protected":false},"excerpt":{"rendered":"<p>Recibe la revista impresa durante un a\u00f1o y navega sin restricciones por nuestro sitio digital.<\/p>\n","protected":false},"featured_media":65315,"comment_status":"closed","ping_status":"closed","template":"","meta":[],"product_brand":[],"product_cat":[3840],"product_tag":[],"class_list":{"0":"post-64826","1":"product","2":"type-product","3":"status-publish","4":"has-post-thumbnail","6":"product_cat-productos","8":"first","9":"instock","10":"sold-individually","11":"taxable","12":"shipping-taxable","13":"purchasable","14":"product-type-simple"},"jetpack-related-posts":[{"id":48860,"url":"https:\/\/www.nexos.com.mx\/producto\/suscripcion-digital\/","url_meta":{"origin":64826,"position":0},"title":"Suscripci\u00f3n digital","author":"4dm1n","date":"19 julio, 2020","format":false,"excerpt":"Podr\u00e1s leer la versi\u00f3n digital de la revista impresa y tendr\u00e1s acceso a todo el archivo de nexos.","rel":"","context":"Entrada similar","block_context":{"text":"Entrada similar","link":""},"img":{"alt_text":"","src":"https:\/\/i0.wp.com\/www.nexos.com.mx\/wp-content\/uploads\/2022\/01\/suscripcion-electronica.jpeg?fit=800%2C800&ssl=1&resize=350%2C200","width":350,"height":200,"srcset":"https:\/\/i0.wp.com\/www.nexos.com.mx\/wp-content\/uploads\/2022\/01\/suscripcion-electronica.jpeg?fit=800%2C800&ssl=1&resize=350%2C200 1x, https:\/\/i0.wp.com\/www.nexos.com.mx\/wp-content\/uploads\/2022\/01\/suscripcion-electronica.jpeg?fit=800%2C800&ssl=1&resize=525%2C300 1.5x, https:\/\/i0.wp.com\/www.nexos.com.mx\/wp-content\/uploads\/2022\/01\/suscripcion-electronica.jpeg?fit=800%2C800&ssl=1&resize=700%2C400 2x"},"classes":[]},{"id":89240,"url":"https:\/\/www.nexos.com.mx\/producto\/suscripcion-digital-bimbo\/","url_meta":{"origin":64826,"position":1},"title":"Suscripci\u00f3n digital BIMBO","author":"4dm1n","date":"22 enero, 2026","format":false,"excerpt":"Podr\u00e1s leer la versi\u00f3n digital de la revista impresa y tendr\u00e1s acceso a todo el archivo de nexos.","rel":"","context":"Entrada similar","block_context":{"text":"Entrada similar","link":""},"img":{"alt_text":"","src":"https:\/\/i0.wp.com\/www.nexos.com.mx\/wp-content\/uploads\/2022\/01\/suscripcion-electronica.jpeg?fit=800%2C800&ssl=1&resize=350%2C200","width":350,"height":200,"srcset":"https:\/\/i0.wp.com\/www.nexos.com.mx\/wp-content\/uploads\/2022\/01\/suscripcion-electronica.jpeg?fit=800%2C800&ssl=1&resize=350%2C200 1x, https:\/\/i0.wp.com\/www.nexos.com.mx\/wp-content\/uploads\/2022\/01\/suscripcion-electronica.jpeg?fit=800%2C800&ssl=1&resize=525%2C300 1.5x, https:\/\/i0.wp.com\/www.nexos.com.mx\/wp-content\/uploads\/2022\/01\/suscripcion-electronica.jpeg?fit=800%2C800&ssl=1&resize=700%2C400 2x"},"classes":[]}],"jetpack_sharing_enabled":true,"_links":{"self":[{"href":"https:\/\/www.nexos.com.mx\/wp-json\/wp\/v2\/product\/64826","targetHints":{"allow":["GET"]}}],"collection":[{"href":"https:\/\/www.nexos.com.mx\/wp-json\/wp\/v2\/product"}],"about":[{"href":"https:\/\/www.nexos.com.mx\/wp-json\/wp\/v2\/types\/product"}],"replies":[{"embeddable":true,"href":"https:\/\/www.nexos.com.mx\/wp-json\/wp\/v2\/comments?post=64826"}],"wp:featuredmedia":[{"embeddable":true,"href":"https:\/\/www.nexos.com.mx\/wp-json\/wp\/v2\/media\/65315"}],"wp:attachment":[{"href":"https:\/\/www.nexos.com.mx\/wp-json\/wp\/v2\/media?parent=64826"}],"wp:term":[{"taxonomy":"product_brand","embeddable":true,"href":"https:\/\/www.nexos.com.mx\/wp-json\/wp\/v2\/product_brand?post=64826"},{"taxonomy":"product_cat","embeddable":true,"href":"https:\/\/www.nexos.com.mx\/wp-json\/wp\/v2\/product_cat?post=64826"},{"taxonomy":"product_tag","embeddable":true,"href":"https:\/\/www.nexos.com.mx\/wp-json\/wp\/v2\/product_tag?post=64826"}],"curies":[{"name":"wp","href":"https:\/\/api.w.org\/{rel}","templated":true}]}}