{"id":48860,"date":"2020-07-19T08:51:03","date_gmt":"2020-07-19T13:51:03","guid":{"rendered":"https:\/\/www.nexos.com.mx\/?post_type=product&#038;p=48860"},"modified":"2026-03-12T22:57:09","modified_gmt":"2026-03-13T04:57:09","slug":"suscripcion-digital","status":"publish","type":"product","link":"https:\/\/www.nexos.com.mx\/producto\/suscripcion-digital\/","title":{"rendered":"Suscripci\u00f3n digital"},"content":{"rendered":"<p>Con esta suscripci\u00f3n anual podr\u00e1s leer todo el contenido de la revista impresa en el sitio electr\u00f3nico de <span class=\"nexos-typo\">nexos<\/span>. Tendr\u00e1s consulta ilimitada del archivo, invitaciones a encuentros con nuestros autores y libros electr\u00f3nicos de La Biblioteca Singular.<\/p>\n","protected":false},"excerpt":{"rendered":"<p>Podr\u00e1s leer la versi\u00f3n digital de la revista impresa y tendr\u00e1s acceso a todo el archivo de <span class=\"nexos-typo\">nexos<\/span>.<\/p>\n","protected":false},"featured_media":65314,"comment_status":"closed","ping_status":"closed","template":"","meta":[],"product_brand":[],"product_cat":[3840],"product_tag":[],"class_list":{"0":"post-48860","1":"product","2":"type-product","3":"status-publish","4":"has-post-thumbnail","6":"product_cat-productos","8":"first","9":"instock","10":"virtual","11":"taxable","12":"purchasable","13":"product-type-simple"},"jetpack-related-posts":[{"id":89240,"url":"https:\/\/www.nexos.com.mx\/producto\/suscripcion-digital-bimbo\/","url_meta":{"origin":48860,"position":0},"title":"Suscripci\u00f3n digital BIMBO","author":"4dm1n","date":"22 enero, 2026","format":false,"excerpt":"Podr\u00e1s leer la versi\u00f3n digital de la revista impresa y tendr\u00e1s acceso a todo el archivo de nexos.","rel":"","context":"Entrada similar","block_context":{"text":"Entrada similar","link":""},"img":{"alt_text":"","src":"https:\/\/i0.wp.com\/www.nexos.com.mx\/wp-content\/uploads\/2022\/01\/suscripcion-electronica.jpeg?fit=800%2C800&ssl=1&resize=350%2C200","width":350,"height":200,"srcset":"https:\/\/i0.wp.com\/www.nexos.com.mx\/wp-content\/uploads\/2022\/01\/suscripcion-electronica.jpeg?fit=800%2C800&ssl=1&resize=350%2C200 1x, https:\/\/i0.wp.com\/www.nexos.com.mx\/wp-content\/uploads\/2022\/01\/suscripcion-electronica.jpeg?fit=800%2C800&ssl=1&resize=525%2C300 1.5x, https:\/\/i0.wp.com\/www.nexos.com.mx\/wp-content\/uploads\/2022\/01\/suscripcion-electronica.jpeg?fit=800%2C800&ssl=1&resize=700%2C400 2x"},"classes":[]},{"id":64826,"url":"https:\/\/www.nexos.com.mx\/producto\/suscripcion-plus\/","url_meta":{"origin":48860,"position":1},"title":"Suscripcion plus","author":"4dm1n","date":"23 enero, 2022","format":false,"excerpt":"Recibe la revista impresa durante un a\u00f1o y navega sin restricciones por nuestro sitio digital.","rel":"","context":"Entrada similar","block_context":{"text":"Entrada similar","link":""},"img":{"alt_text":"","src":"https:\/\/i0.wp.com\/www.nexos.com.mx\/wp-content\/uploads\/2022\/01\/suscripcion-plus-1.jpeg?fit=800%2C800&ssl=1&resize=350%2C200","width":350,"height":200,"srcset":"https:\/\/i0.wp.com\/www.nexos.com.mx\/wp-content\/uploads\/2022\/01\/suscripcion-plus-1.jpeg?fit=800%2C800&ssl=1&resize=350%2C200 1x, https:\/\/i0.wp.com\/www.nexos.com.mx\/wp-content\/uploads\/2022\/01\/suscripcion-plus-1.jpeg?fit=800%2C800&ssl=1&resize=525%2C300 1.5x, https:\/\/i0.wp.com\/www.nexos.com.mx\/wp-content\/uploads\/2022\/01\/suscripcion-plus-1.jpeg?fit=800%2C800&ssl=1&resize=700%2C400 2x"},"classes":[]},{"id":78199,"url":"https:\/\/www.nexos.com.mx\/producto\/woocommerce-automated-testing-product-2\/","url_meta":{"origin":48860,"position":2},"title":"WooCommerce Automated Testing Product","author":"4dm1n","date":"27 febrero, 2024","format":false,"excerpt":"An example product for automated testing.","rel":"","context":"Entrada similar","block_context":{"text":"Entrada similar","link":""},"img":{"alt_text":"","src":"","width":0,"height":0},"classes":[]}],"jetpack_sharing_enabled":true,"_links":{"self":[{"href":"https:\/\/www.nexos.com.mx\/wp-json\/wp\/v2\/product\/48860","targetHints":{"allow":["GET"]}}],"collection":[{"href":"https:\/\/www.nexos.com.mx\/wp-json\/wp\/v2\/product"}],"about":[{"href":"https:\/\/www.nexos.com.mx\/wp-json\/wp\/v2\/types\/product"}],"replies":[{"embeddable":true,"href":"https:\/\/www.nexos.com.mx\/wp-json\/wp\/v2\/comments?post=48860"}],"wp:featuredmedia":[{"embeddable":true,"href":"https:\/\/www.nexos.com.mx\/wp-json\/wp\/v2\/media\/65314"}],"wp:attachment":[{"href":"https:\/\/www.nexos.com.mx\/wp-json\/wp\/v2\/media?parent=48860"}],"wp:term":[{"taxonomy":"product_brand","embeddable":true,"href":"https:\/\/www.nexos.com.mx\/wp-json\/wp\/v2\/product_brand?post=48860"},{"taxonomy":"product_cat","embeddable":true,"href":"https:\/\/www.nexos.com.mx\/wp-json\/wp\/v2\/product_cat?post=48860"},{"taxonomy":"product_tag","embeddable":true,"href":"https:\/\/www.nexos.com.mx\/wp-json\/wp\/v2\/product_tag?post=48860"}],"curies":[{"name":"wp","href":"https:\/\/api.w.org\/{rel}","templated":true}]}}