{"id":48779,"date":"2020-07-10T07:34:25","date_gmt":"2020-07-10T12:34:25","guid":{"rendered":"https:\/\/www.nexos.com.mx\/?page_id=48779"},"modified":"2020-07-10T07:34:25","modified_gmt":"2020-07-10T12:34:25","slug":"mi-cuenta","status":"publish","type":"page","link":"https:\/\/www.nexos.com.mx\/mi-cuenta\/","title":{"rendered":"Mi cuenta"},"content":{"rendered":"<div class=\"woocommerce\"><div class=\"woocommerce-notices-wrapper\"><\/div>\n\n\t\t<h2>Acceder<\/h2>\n\n\t\t<form class=\"woocommerce-form woocommerce-form-login login\" method=\"post\" novalidate>\n\n\t\t\t\n\t\t\t<p class=\"woocommerce-form-row woocommerce-form-row--wide form-row form-row-wide\">\n\t\t\t\t<label for=\"username\">Nombre de usuario o correo electr\u00f3nico&nbsp;<span class=\"required\" aria-hidden=\"true\">*<\/span><span class=\"screen-reader-text\">Obligatorio<\/span><\/label>\n\t\t\t\t<input type=\"text\" class=\"woocommerce-Input woocommerce-Input--text input-text\" name=\"username\" id=\"username\" autocomplete=\"username\" value=\"\" required aria-required=\"true\" \/>\t\t\t<\/p>\n\t\t\t<p class=\"woocommerce-form-row woocommerce-form-row--wide form-row form-row-wide\">\n\t\t\t\t<label for=\"password\">Contrase\u00f1a&nbsp;<span class=\"required\" aria-hidden=\"true\">*<\/span><span class=\"screen-reader-text\">Obligatorio<\/span><\/label>\n\t\t\t\t<input class=\"woocommerce-Input woocommerce-Input--text input-text\" type=\"password\" name=\"password\" id=\"password\" autocomplete=\"current-password\" required aria-required=\"true\" \/>\n\t\t\t<\/p>\n\n\t\t\t\n\t\t\t<p class=\"form-row\">\n\t\t\t\t<label class=\"woocommerce-form__label woocommerce-form__label-for-checkbox woocommerce-form-login__rememberme\">\n\t\t\t\t\t<input class=\"woocommerce-form__input woocommerce-form__input-checkbox\" name=\"rememberme\" type=\"checkbox\" id=\"rememberme\" value=\"forever\" \/> <span>Recu\u00e9rdame<\/span>\n\t\t\t\t<\/label>\n\t\t\t\t<input type=\"hidden\" id=\"woocommerce-login-nonce\" name=\"woocommerce-login-nonce\" value=\"55fe795835\" \/><input type=\"hidden\" name=\"_wp_http_referer\" value=\"\/index.php?rest_route=%2Fwp%2Fv2%2Fpages%2F48779\" \/>\t\t\t\t<button type=\"submit\" class=\"woocommerce-button button woocommerce-form-login__submit\" name=\"login\" value=\"Acceso\">Acceso<\/button>\n\t\t\t<\/p>\n\t\t\t<p class=\"woocommerce-LostPassword lost_password\">\n\t\t\t\t<a href=\"https:\/\/www.nexos.com.mx\/mi-cuenta\/lost-password\/\">\u00bfOlvidaste la contrase\u00f1a?<\/a>\n\t\t\t<\/p>\n\n\t\t\t\n\t\t<\/form>\n\n\n<\/div>\n","protected":false},"excerpt":{"rendered":"","protected":false},"author":1,"featured_media":0,"parent":0,"menu_order":0,"comment_status":"closed","ping_status":"closed","template":"","meta":{"footnotes":""},"coauthors":[],"class_list":["post-48779","page","type-page","status-publish","hentry"],"jetpack_shortlink":"https:\/\/wp.me\/P9aiSC-cGL","jetpack-related-posts":[{"id":92983,"url":"https:\/\/www.nexos.com.mx\/revista-2\/","url_meta":{"origin":48779,"position":0},"title":"Revista","author":"Publicaciones Nexos","date":"1 marzo, 2026","format":false,"excerpt":"Cabos sueltos Y vuelta a la Oficina de Migraci\u00f3n \u2022 Piedra rodante leyente \u2022 A la pr\u00f3xima sin nueces \u2022 El codicioso de la tierra Puerto libre Dejar un reloj \u00c1ngeles Mastretta Hubo un tiempo, ahora tan lejano que me parece el de alguien m\u00e1s, en que yo pensaba que\u2026","rel":"","context":"Entrada similar","block_context":{"text":"Entrada similar","link":""},"img":{"alt_text":"","src":"https:\/\/i0.wp.com\/www.nexos.com.mx\/wp-content\/uploads\/2026\/02\/tan_lea-ypi.jpg?resize=350%2C200&ssl=1","width":350,"height":200,"srcset":"https:\/\/i0.wp.com\/www.nexos.com.mx\/wp-content\/uploads\/2026\/02\/tan_lea-ypi.jpg?resize=350%2C200&ssl=1 1x, https:\/\/i0.wp.com\/www.nexos.com.mx\/wp-content\/uploads\/2026\/02\/tan_lea-ypi.jpg?resize=525%2C300&ssl=1 1.5x, https:\/\/i0.wp.com\/www.nexos.com.mx\/wp-content\/uploads\/2026\/02\/tan_lea-ypi.jpg?resize=700%2C400&ssl=1 2x, https:\/\/i0.wp.com\/www.nexos.com.mx\/wp-content\/uploads\/2026\/02\/tan_lea-ypi.jpg?resize=1050%2C600&ssl=1 3x"},"classes":[]},{"id":75240,"url":"https:\/\/www.nexos.com.mx\/control-de-cambios\/","url_meta":{"origin":48779,"position":1},"title":"Control de cambios","author":"4dm1n","date":"5 septiembre, 2023","format":false,"excerpt":"\u00a0 \u00a0 Control de cambios es una producci\u00f3n de la revista nexos junto con Ibero 90.9. Conoce m\u00e1s sobre los temas que platicamos en este podcast en: https:\/\/www.nexos.com.mx Episodio 1. El nuevo dedazo y el viejo Archivo General de la Naci\u00f3n septiembre 5, 2023 Para inaugurar el primer episodio de\u2026","rel":"","context":"Entrada similar","block_context":{"text":"Entrada similar","link":""},"img":{"alt_text":"Control de cambios. Episodio 01","src":"https:\/\/i0.wp.com\/www.nexos.com.mx\/wp-content\/uploads\/2023\/09\/cc-ep-1.webp?resize=350%2C200","width":350,"height":200},"classes":[]},{"id":6,"url":"https:\/\/www.nexos.com.mx\/aviso-de-privacidad\/","url_meta":{"origin":48779,"position":2},"title":"Aviso de privacidad","author":"4dm1n","date":"10 diciembre, 2013","format":false,"excerpt":"Aviso de privacidad El presente aviso de privacidad regula la manera en que manejaremos los datos que nos proporcione y aquellos que, con fines estad\u00edsticos, recabemos cuando ingrese y utilice nuestro sitio. Qui\u00e9nes somos Nexos.com.mx y sus subdominios son parte de NEXOS, SOCIEDAD, CIENCIA Y LITERATURA S.A. DE C.V. (NEXOS).\u2026","rel":"","context":"Entrada similar","block_context":{"text":"Entrada similar","link":""},"img":{"alt_text":"","src":"","width":0,"height":0},"classes":[]},{"id":65265,"url":"https:\/\/www.nexos.com.mx\/revista-abril\/","url_meta":{"origin":48779,"position":3},"title":"Revista","author":"Publicaciones Nexos","date":"1 abril, 2026","format":false,"excerpt":"Cabos sueltos L\u00e1grimas de fuego \u2022 Geograf\u00eda de los lunares \u2022 Batalla grandiosa \u2022 El R\u00e9quiem de Mozart en M\u00e9xico Puerto libre Recordar con arte \u00c1ngeles Mastretta Est\u00e1 en mis deseos ir hacia el m\u00e1gico h\u00e1bito de inventar historias, ese af\u00e1n tan divertido y feliz que resulta un desconcierto melanc\u00f3lico\u2026","rel":"","context":"Entrada similar","block_context":{"text":"Entrada similar","link":""},"img":{"alt_text":"","src":"https:\/\/i0.wp.com\/www.nexos.com.mx\/wp-content\/uploads\/2026\/03\/VS-JR-Cossio-IA-1.jpg?resize=350%2C200&ssl=1","width":350,"height":200,"srcset":"https:\/\/i0.wp.com\/www.nexos.com.mx\/wp-content\/uploads\/2026\/03\/VS-JR-Cossio-IA-1.jpg?resize=350%2C200&ssl=1 1x, https:\/\/i0.wp.com\/www.nexos.com.mx\/wp-content\/uploads\/2026\/03\/VS-JR-Cossio-IA-1.jpg?resize=525%2C300&ssl=1 1.5x, https:\/\/i0.wp.com\/www.nexos.com.mx\/wp-content\/uploads\/2026\/03\/VS-JR-Cossio-IA-1.jpg?resize=700%2C400&ssl=1 2x"},"classes":[]}],"jetpack_sharing_enabled":true,"_links":{"self":[{"href":"https:\/\/www.nexos.com.mx\/wp-json\/wp\/v2\/pages\/48779","targetHints":{"allow":["GET"]}}],"collection":[{"href":"https:\/\/www.nexos.com.mx\/wp-json\/wp\/v2\/pages"}],"about":[{"href":"https:\/\/www.nexos.com.mx\/wp-json\/wp\/v2\/types\/page"}],"author":[{"embeddable":true,"href":"https:\/\/www.nexos.com.mx\/wp-json\/wp\/v2\/users\/1"}],"replies":[{"embeddable":true,"href":"https:\/\/www.nexos.com.mx\/wp-json\/wp\/v2\/comments?post=48779"}],"version-history":[{"count":0,"href":"https:\/\/www.nexos.com.mx\/wp-json\/wp\/v2\/pages\/48779\/revisions"}],"wp:attachment":[{"href":"https:\/\/www.nexos.com.mx\/wp-json\/wp\/v2\/media?parent=48779"}],"wp:term":[{"taxonomy":"author","embeddable":true,"href":"https:\/\/www.nexos.com.mx\/wp-json\/wp\/v2\/coauthors?post=48779"}],"curies":[{"name":"wp","href":"https:\/\/api.w.org\/{rel}","templated":true}]}}