{"id":17,"date":"2013-12-10T20:29:44","date_gmt":"2013-12-10T20:29:44","guid":{"rendered":"http:\/\/wordpress.nexos.com.mx\/?page_id=17"},"modified":"2026-03-05T13:50:12","modified_gmt":"2026-03-05T19:50:12","slug":"inicio","status":"publish","type":"page","link":"https:\/\/www.nexos.com.mx\/","title":{"rendered":"Nexos | Sociedad, periodismo y literatura"},"content":{"rendered":"<p>La filosof\u00eda del mundo de hoy explora a la civilizaci\u00f3n moderna bajo las luces de la bio\u00e9tica y la \u00e9tica m\u00e9dica. Aborto, fertilizaci\u00f3n, eutanasia o clonaci\u00f3n son temas que han sobrepasado los enfoques m\u00e9dicos y jur\u00eddicos, y ahora se han convertido en materia de inter\u00e9s general.<\/p>\n","protected":false},"excerpt":{"rendered":"<p>La filosof\u00eda del mundo de hoy explora a la civilizaci\u00f3n moderna bajo las luces de la bio\u00e9tica y la \u00e9tica m\u00e9dica. Aborto, fertilizaci\u00f3n, eutanasia o clonaci\u00f3n son temas que han sobrepasado los enfoques m\u00e9dicos y jur\u00eddicos, y ahora se han convertido en materia de inter\u00e9s general.<\/p>\n","protected":false},"author":1,"featured_media":0,"parent":0,"menu_order":0,"comment_status":"closed","ping_status":"closed","template":"page-inicio.php","meta":{"footnotes":""},"coauthors":[46],"class_list":["post-17","page","type-page","status-publish","hentry"],"jetpack_shortlink":"https:\/\/wp.me\/P9aiSC-h","jetpack-related-posts":[{"id":92983,"url":"https:\/\/www.nexos.com.mx\/revista-2\/","url_meta":{"origin":17,"position":0},"title":"Revista","author":"Publicaciones Nexos","date":"1 marzo, 2026","format":false,"excerpt":"Cabos sueltos Y vuelta a la Oficina de Migraci\u00f3n \u2022 Piedra rodante leyente \u2022 A la pr\u00f3xima sin nueces \u2022 El codicioso de la tierra Puerto libre Dejar un reloj \u00c1ngeles Mastretta Hubo un tiempo, ahora tan lejano que me parece el de alguien m\u00e1s, en que yo pensaba que\u2026","rel":"","context":"Entrada similar","block_context":{"text":"Entrada similar","link":""},"img":{"alt_text":"","src":"https:\/\/i0.wp.com\/www.nexos.com.mx\/wp-content\/uploads\/2026\/02\/tan_lea-ypi.jpg?resize=350%2C200&ssl=1","width":350,"height":200,"srcset":"https:\/\/i0.wp.com\/www.nexos.com.mx\/wp-content\/uploads\/2026\/02\/tan_lea-ypi.jpg?resize=350%2C200&ssl=1 1x, https:\/\/i0.wp.com\/www.nexos.com.mx\/wp-content\/uploads\/2026\/02\/tan_lea-ypi.jpg?resize=525%2C300&ssl=1 1.5x, https:\/\/i0.wp.com\/www.nexos.com.mx\/wp-content\/uploads\/2026\/02\/tan_lea-ypi.jpg?resize=700%2C400&ssl=1 2x, https:\/\/i0.wp.com\/www.nexos.com.mx\/wp-content\/uploads\/2026\/02\/tan_lea-ypi.jpg?resize=1050%2C600&ssl=1 3x"},"classes":[]},{"id":65265,"url":"https:\/\/www.nexos.com.mx\/revista-abril\/","url_meta":{"origin":17,"position":1},"title":"Revista","author":"Publicaciones Nexos","date":"1 abril, 2026","format":false,"excerpt":"Cabos sueltos L\u00e1grimas de fuego \u2022 Geograf\u00eda de los lunares \u2022 Batalla grandiosa \u2022 El R\u00e9quiem de Mozart en M\u00e9xico Puerto libre Recordar con arte \u00c1ngeles Mastretta Est\u00e1 en mis deseos ir hacia el m\u00e1gico h\u00e1bito de inventar historias, ese af\u00e1n tan divertido y feliz que resulta un desconcierto melanc\u00f3lico\u2026","rel":"","context":"Entrada similar","block_context":{"text":"Entrada similar","link":""},"img":{"alt_text":"","src":"https:\/\/i0.wp.com\/www.nexos.com.mx\/wp-content\/uploads\/2026\/03\/VS-JR-Cossio-IA-1.jpg?resize=350%2C200&ssl=1","width":350,"height":200,"srcset":"https:\/\/i0.wp.com\/www.nexos.com.mx\/wp-content\/uploads\/2026\/03\/VS-JR-Cossio-IA-1.jpg?resize=350%2C200&ssl=1 1x, https:\/\/i0.wp.com\/www.nexos.com.mx\/wp-content\/uploads\/2026\/03\/VS-JR-Cossio-IA-1.jpg?resize=525%2C300&ssl=1 1.5x, https:\/\/i0.wp.com\/www.nexos.com.mx\/wp-content\/uploads\/2026\/03\/VS-JR-Cossio-IA-1.jpg?resize=700%2C400&ssl=1 2x"},"classes":[]},{"id":69518,"url":"https:\/\/www.nexos.com.mx\/biblioteca-singular\/","url_meta":{"origin":17,"position":2},"title":"Biblioteca Singular","author":"4dm1n","date":"27 agosto, 2022","format":false,"excerpt":"La Biblioteca Singular: singular como solo, \u00fanico, extraordinario, raro, extra\u00f1o, particular, excelente, especial, impar. Singular como individualizado: s\u00f3lo y para quienes tengan una suscripci\u00f3n a nexos.","rel":"","context":"Entrada similar","block_context":{"text":"Entrada similar","link":""},"img":{"alt_text":"","src":"","width":0,"height":0},"classes":[]},{"id":72671,"url":"https:\/\/www.nexos.com.mx\/biblioteca-singular\/hacia-una-agenda-en-estrategias-de-seguridad-efectivas-y-basadas-en-evidencia\/","url_meta":{"origin":17,"position":3},"title":"Hacia una agenda en estrategias de seguridad efectivas y basadas en evidencia","author":"4dm1n","date":"23 abril, 2023","format":false,"excerpt":"Un compendio de art\u00edculos que buscan una salida al problema de la inseguridad y el horizonte de la paz y la justicia social en M\u00e9xico. Una serie de diagn\u00f3sticos y propuestas de pol\u00edticas p\u00fablicas que compila Samantha P\u00e9rez D\u00e1vila, editora del blog Paz y seguridad de nexos. Volver a la\u2026","rel":"","context":"Entrada similar","block_context":{"text":"Entrada similar","link":""},"img":{"alt_text":"","src":"","width":0,"height":0},"classes":[]},{"id":6,"url":"https:\/\/www.nexos.com.mx\/aviso-de-privacidad\/","url_meta":{"origin":17,"position":4},"title":"Aviso de privacidad","author":"4dm1n","date":"10 diciembre, 2013","format":false,"excerpt":"Aviso de privacidad El presente aviso de privacidad regula la manera en que manejaremos los datos que nos proporcione y aquellos que, con fines estad\u00edsticos, recabemos cuando ingrese y utilice nuestro sitio. Qui\u00e9nes somos Nexos.com.mx y sus subdominios son parte de NEXOS, SOCIEDAD, CIENCIA Y LITERATURA S.A. DE C.V. (NEXOS).\u2026","rel":"","context":"Entrada similar","block_context":{"text":"Entrada similar","link":""},"img":{"alt_text":"","src":"","width":0,"height":0},"classes":[]},{"id":69549,"url":"https:\/\/www.nexos.com.mx\/biblioteca-singular\/el-mito-de-la-conquista\/","url_meta":{"origin":17,"position":5},"title":"El mito de la conquista","author":"4dm1n","date":"29 agosto, 2022","format":false,"excerpt":"Con el af\u00e1n revisionista y la renovada distancia de cinco siglos, un grupo excepcional de personas dedicadas a la historia recrea y desentra\u00f1a los momentos y etapas cruciales de la llamada Conquista, desanuda la mara\u00f1a de los mitos hist\u00f3ricos y sus instrumentos de poder, revive y vuelve a dignificar a\u2026","rel":"","context":"Entrada similar","block_context":{"text":"Entrada similar","link":""},"img":{"alt_text":"","src":"","width":0,"height":0},"classes":[]}],"jetpack_sharing_enabled":true,"_links":{"self":[{"href":"https:\/\/www.nexos.com.mx\/wp-json\/wp\/v2\/pages\/17","targetHints":{"allow":["GET"]}}],"collection":[{"href":"https:\/\/www.nexos.com.mx\/wp-json\/wp\/v2\/pages"}],"about":[{"href":"https:\/\/www.nexos.com.mx\/wp-json\/wp\/v2\/types\/page"}],"author":[{"embeddable":true,"href":"https:\/\/www.nexos.com.mx\/wp-json\/wp\/v2\/users\/1"}],"replies":[{"embeddable":true,"href":"https:\/\/www.nexos.com.mx\/wp-json\/wp\/v2\/comments?post=17"}],"version-history":[{"count":3,"href":"https:\/\/www.nexos.com.mx\/wp-json\/wp\/v2\/pages\/17\/revisions"}],"predecessor-version":[{"id":36172,"href":"https:\/\/www.nexos.com.mx\/wp-json\/wp\/v2\/pages\/17\/revisions\/36172"}],"wp:attachment":[{"href":"https:\/\/www.nexos.com.mx\/wp-json\/wp\/v2\/media?parent=17"}],"wp:term":[{"taxonomy":"author","embeddable":true,"href":"https:\/\/www.nexos.com.mx\/wp-json\/wp\/v2\/coauthors?post=17"}],"curies":[{"name":"wp","href":"https:\/\/api.w.org\/{rel}","templated":true}]}}